{"id":516,"date":"2022-03-31T19:27:56","date_gmt":"2022-03-31T17:27:56","guid":{"rendered":"http:\/\/www.apadepilepsia.es\/?page_id=516"},"modified":"2022-04-28T10:16:26","modified_gmt":"2022-04-28T08:16:26","slug":"presentacion","status":"publish","type":"page","link":"https:\/\/www.apadepilepsia.es\/index.php\/presentacion\/","title":{"rendered":"PRESENTACI\u00d3N de A.P.A.D.E"},"content":{"rendered":"\n<p><strong>&nbsp;<\/strong>Presentaci\u00f3n de la Asociaci\u00f3n APADE<\/p>\n\n\n\n<p><strong>APADE<\/strong>, es una Asociaci\u00f3n sin \u00e1nimo de lucro. Fue constituida en marzo de 1994, siendo registrada en la Delegaci\u00f3n del Gobierno de Madrid con el n\u00ba de registro 14.140, con fecha de 5 de abril de 1994. Inscrita igualmente en el Censo de Entidades Jur\u00eddicas del Ministerio de Hacienda con el C.I. G-80640139. De la misma forma est\u00e1 inscrita en el Registro Municipal de Entidades Locales de la localidad de Legan\u00e9s con el n\u00ba 611.<\/p>\n\n\n\n<p>Esta constituci\u00f3n est\u00e1 formada por personas que padecen epilepsia, por familiares y amigos que se solidarizan con nosotros, contribuyendo as\u00ed, para que la Sociedad conozca y se interese un poco m\u00e1s por la epilepsia.<\/p>\n\n\n\n<p>Fue fundamentada por los padres y familiares de los pacientes de epilepsia que residen en la Fundaci\u00f3n Instituto S. Jos\u00e9 para pedir una mejor calidad de vida a las Administraciones competentes, pasando a estas personas de r\u00e9gimen sanitario exclusivo, a pertenecer igualmente a la Administraci\u00f3n de Servicios Sociales de la Comunidad de Madrid<\/p>\n\n\n\n<p>APADE,&nbsp; atiende a dos colectivos:<\/p>\n\n\n\n<ol type=\"1\"><li>Personas con discapacidad intelectual que padecen epilepsia<\/li><\/ol>\n\n\n\n<ol type=\"1\" start=\"2\"><li>Personas que padecen epilepsia sin ning\u00fan tipo de discapacidad<\/li><\/ol>\n\n\n\n<p>APADE, es<\/p>\n\n\n\n<ol type=\"a\"><li>Socio-fundador de la Federaci\u00f3n Espa\u00f1ola de Epilepsia&nbsp; (F.E.D.E) en 2006<\/li><li>Miembro de Plena Inclusi\u00f3n<\/li><li>de Proyecto de Informaci\u00f3n y Orientaci\u00f3n Social&nbsp;<\/li><\/ol>\n\n\n\n<p class=\"has-large-font-size\">Nuestro Lema<\/p>\n\n\n\n<p><strong>\u201cINFORMACI\u00d3N, LA MEJOR ARMA CONTRA LA EPILEPSIA\u201d<\/strong><\/p>\n\n\n\n<p>Apade se autofinancia con las aportaciones de sus socios.<\/p>\n","protected":false},"excerpt":{"rendered":"<p>&nbsp;Presentaci\u00f3n de la Asociaci\u00f3n APADE APADE, es una Asociaci\u00f3n sin \u00e1nimo de lucro. Fue constituida en marzo de 1994, siendo registrada en la Delegaci\u00f3n del Gobierno de Madrid con el n\u00ba de registro 14.140, con fecha de 5 de abril de 1994. Inscrita igualmente en el Censo de Entidades Jur\u00eddicas &hellip;<\/p>\n","protected":false},"author":1,"featured_media":0,"parent":0,"menu_order":2,"comment_status":"closed","ping_status":"closed","template":"","meta":[],"_links":{"self":[{"href":"https:\/\/www.apadepilepsia.es\/index.php\/wp-json\/wp\/v2\/pages\/516"}],"collection":[{"href":"https:\/\/www.apadepilepsia.es\/index.php\/wp-json\/wp\/v2\/pages"}],"about":[{"href":"https:\/\/www.apadepilepsia.es\/index.php\/wp-json\/wp\/v2\/types\/page"}],"author":[{"embeddable":true,"href":"https:\/\/www.apadepilepsia.es\/index.php\/wp-json\/wp\/v2\/users\/1"}],"replies":[{"embeddable":true,"href":"https:\/\/www.apadepilepsia.es\/index.php\/wp-json\/wp\/v2\/comments?post=516"}],"version-history":[{"count":5,"href":"https:\/\/www.apadepilepsia.es\/index.php\/wp-json\/wp\/v2\/pages\/516\/revisions"}],"predecessor-version":[{"id":527,"href":"https:\/\/www.apadepilepsia.es\/index.php\/wp-json\/wp\/v2\/pages\/516\/revisions\/527"}],"wp:attachment":[{"href":"https:\/\/www.apadepilepsia.es\/index.php\/wp-json\/wp\/v2\/media?parent=516"}],"curies":[{"name":"wp","href":"https:\/\/api.w.org\/{rel}","templated":true}]}}