{"id":33,"date":"2016-12-02T08:54:48","date_gmt":"2016-12-02T07:54:48","guid":{"rendered":"http:\/\/www.apadepilepsia.es\/?page_id=33"},"modified":"2021-01-25T19:23:14","modified_gmt":"2021-01-25T18:23:14","slug":"colegio","status":"publish","type":"page","link":"https:\/\/www.apadepilepsia.es\/index.php\/colegio\/","title":{"rendered":"EL COLEGIO"},"content":{"rendered":"<p><img loading=\"lazy\" class=\"size-medium wp-image-51 alignleft\" src=\"https:\/\/www.apadepilepsia.es\/wp-content\/uploads\/2016\/12\/img_colegio-300x200.jpg\" alt=\"imagen colegio\" width=\"300\" height=\"200\" srcset=\"https:\/\/www.apadepilepsia.es\/wp-content\/uploads\/2016\/12\/img_colegio-300x200.jpg 300w, https:\/\/www.apadepilepsia.es\/wp-content\/uploads\/2016\/12\/img_colegio.jpg 400w\" sizes=\"(max-width: 300px) 100vw, 300px\" \/>Los ni\u00f1os que padecen epilepsia y asisten a un Colegio deben llevar una vida lo m\u00e1s normal posible. Normalmente esto es as\u00ed, pero algunas veces si se pelean entre s\u00ed, cosa que es normal entre ni\u00f1os, el ni\u00f1o que padece epilepsia lo clasifican de agresivo. Esto no es justo. Todos los ni\u00f1os se comportan m\u00e1s o menos igual, con o sin epilepsia.<\/p>\n<p>Igualmente no tienen porque asistir a un Colegio de Educaci\u00f3n Especial, solo por padecer epilepsia.<\/p>\n","protected":false},"excerpt":{"rendered":"<p>Los ni\u00f1os que padecen epilepsia y asisten a un Colegio deben llevar una vida lo m\u00e1s normal posible. Normalmente esto es as\u00ed, pero algunas veces si se pelean entre s\u00ed, cosa que es normal entre ni\u00f1os, el ni\u00f1o que padece epilepsia lo clasifican de agresivo. Esto no es justo. Todos &hellip;<\/p>\n","protected":false},"author":1,"featured_media":0,"parent":0,"menu_order":0,"comment_status":"closed","ping_status":"closed","template":"","meta":[],"_links":{"self":[{"href":"https:\/\/www.apadepilepsia.es\/index.php\/wp-json\/wp\/v2\/pages\/33"}],"collection":[{"href":"https:\/\/www.apadepilepsia.es\/index.php\/wp-json\/wp\/v2\/pages"}],"about":[{"href":"https:\/\/www.apadepilepsia.es\/index.php\/wp-json\/wp\/v2\/types\/page"}],"author":[{"embeddable":true,"href":"https:\/\/www.apadepilepsia.es\/index.php\/wp-json\/wp\/v2\/users\/1"}],"replies":[{"embeddable":true,"href":"https:\/\/www.apadepilepsia.es\/index.php\/wp-json\/wp\/v2\/comments?post=33"}],"version-history":[{"count":5,"href":"https:\/\/www.apadepilepsia.es\/index.php\/wp-json\/wp\/v2\/pages\/33\/revisions"}],"predecessor-version":[{"id":455,"href":"https:\/\/www.apadepilepsia.es\/index.php\/wp-json\/wp\/v2\/pages\/33\/revisions\/455"}],"wp:attachment":[{"href":"https:\/\/www.apadepilepsia.es\/index.php\/wp-json\/wp\/v2\/media?parent=33"}],"curies":[{"name":"wp","href":"https:\/\/api.w.org\/{rel}","templated":true}]}}