{"id":14,"date":"2016-12-01T12:18:35","date_gmt":"2016-12-01T11:18:35","guid":{"rendered":"http:\/\/www.apadepilepsia.es\/?page_id=14"},"modified":"2022-04-21T18:42:31","modified_gmt":"2022-04-21T16:42:31","slug":"preguntas-frecuentes","status":"publish","type":"page","link":"https:\/\/www.apadepilepsia.es\/index.php\/preguntas-frecuentes\/","title":{"rendered":"Preguntas Frecuentes"},"content":{"rendered":"<div id=\"contenido_centro\" class=\"texto\">\n<ul>\n<li><span style=\"color: #993366;\"><strong>RITMO de la ADMINISTRACI\u00d3N del F\u00c1RMACO:<\/strong><\/span><\/li>\n<\/ul>\n<p class=\"respuestas\">Debe administrarse con las comidas (desayuno y cena), sin influir las variaciones horarias existentes entre los diferentes d\u00edas de la semana y\/o las diferentes \u00e9pocas del a\u00f1o.<\/p>\n<ul>\n<li class=\"preguntas\"><span style=\"color: #993366;\"><strong>INFORMACI\u00d3N a los PROFESORES:<\/strong><\/span><\/li>\n<\/ul>\n<p class=\"respuestas\">Es imprescindible comunicarlo, ya que si surgen problemas se pueden solucionar mejor.<\/p>\n<ul>\n<li class=\"preguntas\"><span style=\"color: #993366;\"><strong>EXIGENCIA ESCOLAR<\/strong><\/span><\/li>\n<\/ul>\n<p class=\"respuestas\">Debe exig\u00edrsele como a los dem\u00e1s ni\u00f1os, sin sobreprotegerle<\/p>\n<ul>\n<li class=\"preguntas\"><span style=\"color: #993366;\"><strong>RENDIMIENTO ESCOLAR:<\/strong><\/span><\/li>\n<\/ul>\n<p class=\"respuestas\">Puede ser normal e incluso por encima de la media, salvo en las encefalopatias epilepticas.<\/p>\n<ul>\n<li class=\"preguntas\"><span style=\"color: #993366;\"><strong>DEPORTES:<\/strong><\/span><\/li>\n<\/ul>\n<p class=\"respuestas\">Es recomendable ya que favorece al paciente y mejora la interacci\u00f3n social.<\/p>\n<ul>\n<li class=\"preguntas\"><span style=\"color: #993366;\"><strong>DEPORTES QUE HAN DE SER EVITADOS:<\/strong><\/span><\/li>\n<\/ul>\n<p class=\"respuestas\">Submarinismo, monta\u00f1ismo, motociclismo y aquellos que requieran el empleo de veh\u00edculos a motor.<\/p>\n<ul>\n<li class=\"preguntas\"><span style=\"color: #993366;\"><strong>DEPORTES QUE HAN DE SER VIGILADOS:<\/strong><\/span><\/li>\n<\/ul>\n<p class=\"respuestas\">Nataci\u00f3n, ciclismo (por lugares no transitados por autom\u00f3viles)<\/p>\n<ul>\n<li class=\"preguntas\"><span style=\"color: #993366;\"><strong>RELACI\u00d3N del TIEMPO entre la MEDITACI\u00d3N <\/strong><strong>y el V\u00d3MITO:<\/strong><\/span><\/li>\n<\/ul>\n<p><img loading=\"lazy\" class=\"alignnone size-full wp-image-59\" src=\"https:\/\/www.apadepilepsia.es\/wp-content\/uploads\/2016\/12\/medicacion.png\" alt=\"medicacion\" width=\"629\" height=\"113\" srcset=\"https:\/\/www.apadepilepsia.es\/wp-content\/uploads\/2016\/12\/medicacion.png 629w, https:\/\/www.apadepilepsia.es\/wp-content\/uploads\/2016\/12\/medicacion-300x54.png 300w\" sizes=\"(max-width: 629px) 100vw, 629px\" \/><\/p>\n<p class=\"respuestas\">Informaci\u00f3n extraida del libro \u201cComo Afrontar la Epilepsia\u201d (SEN, Grupo de Epilepsia)<\/p>\n<\/div>\n<div id=\"pie\">\n<p>\u00ae A.P.A.D.E 2012 Todos los derechos reservados. <a href=\"privacidad.html\">Pol\u00edtica de Privacidad<\/a>.<\/p>\n<\/div>\n","protected":false},"excerpt":{"rendered":"<p>RITMO de la ADMINISTRACI\u00d3N del F\u00c1RMACO: Debe administrarse con las comidas (desayuno y cena), sin influir las variaciones horarias existentes entre los diferentes d\u00edas de la semana y\/o las diferentes \u00e9pocas del a\u00f1o. INFORMACI\u00d3N a los PROFESORES: Es imprescindible comunicarlo, ya que si surgen problemas se pueden solucionar mejor. EXIGENCIA &hellip;<\/p>\n","protected":false},"author":1,"featured_media":0,"parent":0,"menu_order":0,"comment_status":"closed","ping_status":"closed","template":"","meta":[],"_links":{"self":[{"href":"https:\/\/www.apadepilepsia.es\/index.php\/wp-json\/wp\/v2\/pages\/14"}],"collection":[{"href":"https:\/\/www.apadepilepsia.es\/index.php\/wp-json\/wp\/v2\/pages"}],"about":[{"href":"https:\/\/www.apadepilepsia.es\/index.php\/wp-json\/wp\/v2\/types\/page"}],"author":[{"embeddable":true,"href":"https:\/\/www.apadepilepsia.es\/index.php\/wp-json\/wp\/v2\/users\/1"}],"replies":[{"embeddable":true,"href":"https:\/\/www.apadepilepsia.es\/index.php\/wp-json\/wp\/v2\/comments?post=14"}],"version-history":[{"count":8,"href":"https:\/\/www.apadepilepsia.es\/index.php\/wp-json\/wp\/v2\/pages\/14\/revisions"}],"predecessor-version":[{"id":463,"href":"https:\/\/www.apadepilepsia.es\/index.php\/wp-json\/wp\/v2\/pages\/14\/revisions\/463"}],"wp:attachment":[{"href":"https:\/\/www.apadepilepsia.es\/index.php\/wp-json\/wp\/v2\/media?parent=14"}],"curies":[{"name":"wp","href":"https:\/\/api.w.org\/{rel}","templated":true}]}}